{"id":1084,"date":"2023-09-01T23:10:30","date_gmt":"2023-09-01T21:10:30","guid":{"rendered":"https:\/\/ashlife.site\/?page_id=1084"},"modified":"2023-09-05T22:31:45","modified_gmt":"2023-09-05T20:31:45","slug":"hemorroides-prelanding-page-2","status":"publish","type":"page","link":"https:\/\/ashlife.site\/?page_id=1084","title":{"rendered":"h\u00e9morro\u00efdes  prelanding page"},"content":{"rendered":"\t\t<div data-elementor-type=\"wp-page\" data-elementor-id=\"1084\" class=\"elementor elementor-1084\">\n\t\t\t\t\t\t<section class=\"elementor-section elementor-top-section elementor-element elementor-element-7f99edcb elementor-section-boxed elementor-section-height-default elementor-section-height-default\" data-id=\"7f99edcb\" data-element_type=\"section\">\n\t\t\t\t\t\t<div class=\"elementor-container elementor-column-gap-default\">\n\t\t\t\t\t<div class=\"elementor-column elementor-col-100 elementor-top-column elementor-element elementor-element-1494c8c1\" data-id=\"1494c8c1\" data-element_type=\"column\">\n\t\t\t<div class=\"elementor-widget-wrap elementor-element-populated\">\n\t\t\t\t\t\t<div class=\"elementor-element elementor-element-fc46b38 elementor-widget elementor-widget-html\" data-id=\"fc46b38\" data-element_type=\"widget\" data-widget_type=\"html.default\">\n\t\t\t\t<div class=\"elementor-widget-container\">\n\t\t\t<!-- Meta Pixel Code -->\r\n<script>\r\n!function(f,b,e,v,n,t,s)\r\n{if(f.fbq)return;n=f.fbq=function(){n.callMethod?\r\nn.callMethod.apply(n,arguments):n.queue.push(arguments)};\r\nif(!f._fbq)f._fbq=n;n.push=n;n.loaded=!0;n.version='2.0';\r\nn.queue=[];t=b.createElement(e);t.async=!0;\r\nt.src=v;s=b.getElementsByTagName(e)[0];\r\ns.parentNode.insertBefore(t,s)}(window, document,'script',\r\n'https:\/\/connect.facebook.net\/en_US\/fbevents.js');\r\nfbq('init', '1553803871748265');\r\nfbq('track', 'PageView');\r\nfbq('track', 'ViewContent');\r\n<\/script>\r\n<noscript><img height=\"1\" width=\"1\" style=\"display:none\"\r\nsrc=\"https:\/\/www.facebook.com\/tr?id=1553803871748265&ev=PageView&noscript=1\"\r\n\/><\/noscript>\r\n<!-- End Meta Pixel Code -->\t\t<\/div>\n\t\t\t\t<\/div>\n\t\t\t\t<div class=\"elementor-element elementor-element-0d479a7 elementor-widget elementor-widget-text-editor\" data-id=\"0d479a7\" data-element_type=\"widget\" data-widget_type=\"text-editor.default\">\n\t\t\t\t<div class=\"elementor-widget-container\">\n\t\t\t<style>\/*! elementor - v3.23.0 - 05-08-2024 *\/\n.elementor-widget-text-editor.elementor-drop-cap-view-stacked .elementor-drop-cap{background-color:#69727d;color:#fff}.elementor-widget-text-editor.elementor-drop-cap-view-framed .elementor-drop-cap{color:#69727d;border:3px solid;background-color:transparent}.elementor-widget-text-editor:not(.elementor-drop-cap-view-default) .elementor-drop-cap{margin-top:8px}.elementor-widget-text-editor:not(.elementor-drop-cap-view-default) .elementor-drop-cap-letter{width:1em;height:1em}.elementor-widget-text-editor .elementor-drop-cap{float:left;text-align:center;line-height:1;font-size:50px}.elementor-widget-text-editor .elementor-drop-cap-letter{display:inline-block}<\/style>\t\t\t\t<section class=\"elementor-section elementor-inner-section elementor-element elementor-element-4da28100 elementor-section-boxed elementor-section-height-default elementor-section-height-default\" data-id=\"4da28100\" data-element_type=\"section\" data-settings=\"{&quot;_ha_eqh_enable&quot;:false}\"><div class=\"elementor-container elementor-column-gap-custom\"><div class=\"elementor-row\"><div class=\"elementor-column elementor-col-50 elementor-inner-column elementor-element elementor-element-2f5d2fe1\" data-id=\"2f5d2fe1\" data-element_type=\"column\"><div class=\"elementor-column-wrap elementor-element-populated\"><div class=\"elementor-widget-wrap\"><div class=\"elementor-element elementor-element-7adbc89c elementor-widget elementor-widget-heading\" data-id=\"7adbc89c\" data-element_type=\"widget\" data-widget_type=\"heading.default\"><div class=\"elementor-widget-container\"><h1 class=\"elementor-heading-title elementor-size-default\"><img decoding=\"async\" class=\"attachment-large size-large lazyloaded\" style=\"font-size: 16px;\" src=\"https:\/\/madrenaturablog.com\/wp-content\/uploads\/2022\/11\/1234-1.png\" sizes=\"(max-width: 493px) 100vw, 493px\" srcset=\"https:\/\/madrenaturablog.com\/wp-content\/uploads\/2022\/11\/1234-1.png 493w, https:\/\/madrenaturablog.com\/wp-content\/uploads\/2022\/11\/1234-1-300x37.png 300w\" alt=\"\" width=\"493\" height=\"60\" data-srcset=\"https:\/\/madrenaturablog.com\/wp-content\/uploads\/2022\/11\/1234-1.png 493w, https:\/\/madrenaturablog.com\/wp-content\/uploads\/2022\/11\/1234-1-300x37.png 300w\" data-src=\"https:\/\/madrenaturablog.com\/wp-content\/uploads\/2022\/11\/1234-1.png\" data-sizes=\"(max-width: 493px) 100vw, 493px\" \/><\/h1><\/div><\/div><\/div><\/div><\/div><\/div><\/div><\/section>\t\t\t\t\t\t<\/div>\n\t\t\t\t<\/div>\n\t\t\t\t<div class=\"elementor-element elementor-element-0e10ca1 elementor-widget elementor-widget-heading\" data-id=\"0e10ca1\" data-element_type=\"widget\" data-widget_type=\"heading.default\">\n\t\t\t\t<div class=\"elementor-widget-container\">\n\t\t\t<style>\/*! elementor - v3.23.0 - 05-08-2024 *\/\n.elementor-heading-title{padding:0;margin:0;line-height:1}.elementor-widget-heading .elementor-heading-title[class*=elementor-size-]>a{color:inherit;font-size:inherit;line-height:inherit}.elementor-widget-heading .elementor-heading-title.elementor-size-small{font-size:15px}.elementor-widget-heading .elementor-heading-title.elementor-size-medium{font-size:19px}.elementor-widget-heading .elementor-heading-title.elementor-size-large{font-size:29px}.elementor-widget-heading .elementor-heading-title.elementor-size-xl{font-size:39px}.elementor-widget-heading .elementor-heading-title.elementor-size-xxl{font-size:59px}<\/style><h2 class=\"elementor-heading-title elementor-size-default\">PROBL\u00c8MES\nLES H\u00c9MORRO\u00cfDES ???<\/h2>\t\t<\/div>\n\t\t\t\t<\/div>\n\t\t\t\t<div class=\"elementor-element elementor-element-89f887f elementor-widget elementor-widget-text-editor\" data-id=\"89f887f\" data-element_type=\"widget\" data-widget_type=\"text-editor.default\">\n\t\t\t\t<div class=\"elementor-widget-container\">\n\t\t\t\t\t\t\t<p><strong>\u00a0 \u00a0 \u00a0 \u00a0 \u00a0 \u00a0 \u00a0 \u00a0 \u00a0 \u00a0Bonne nouvelle!<\/strong><\/p><p>L&#8217;\u00e9tudiant qui a remport\u00e9 le prix d&#8217;excellence en soins de sant\u00e9 d&#8217;un million d&#8217;euros est turinois. Il a 27 ans et a mis au point un nouveau traitement contre les h\u00e9morro\u00efdes qui peut litt\u00e9ralement sauver des millions de vies !<\/p>\t\t\t\t\t\t<\/div>\n\t\t\t\t<\/div>\n\t\t\t\t<section class=\"elementor-section elementor-inner-section elementor-element elementor-element-5f045ee0 elementor-section-boxed elementor-section-height-default elementor-section-height-default\" data-id=\"5f045ee0\" data-element_type=\"section\">\n\t\t\t\t\t\t<div class=\"elementor-container elementor-column-gap-default\">\n\t\t\t\t\t<div class=\"elementor-column elementor-col-100 elementor-inner-column elementor-element elementor-element-52f38b79\" data-id=\"52f38b79\" data-element_type=\"column\">\n\t\t\t<div class=\"elementor-widget-wrap elementor-element-populated\">\n\t\t\t\t\t\t<div class=\"elementor-element elementor-element-3e85d6a8 elementor-widget elementor-widget-image\" data-id=\"3e85d6a8\" data-element_type=\"widget\" data-widget_type=\"image.default\">\n\t\t\t\t<div class=\"elementor-widget-container\">\n\t\t\t<style>\/*! elementor - v3.23.0 - 05-08-2024 *\/\n.elementor-widget-image{text-align:center}.elementor-widget-image a{display:inline-block}.elementor-widget-image a img[src$=\".svg\"]{width:48px}.elementor-widget-image img{vertical-align:middle;display:inline-block}<\/style>\t\t\t\t\t\t\t\t\t\t<img fetchpriority=\"high\" decoding=\"async\" width=\"800\" height=\"800\" src=\"https:\/\/ashlife.site\/wp-content\/uploads\/2023\/08\/giovane-studentessa-felice-109467561.webp\" class=\"attachment-full size-full wp-image-771\" alt=\"\" srcset=\"https:\/\/ashlife.site\/wp-content\/uploads\/2023\/08\/giovane-studentessa-felice-109467561.webp 800w, https:\/\/ashlife.site\/wp-content\/uploads\/2023\/08\/giovane-studentessa-felice-109467561-300x300.webp 300w, https:\/\/ashlife.site\/wp-content\/uploads\/2023\/08\/giovane-studentessa-felice-109467561-150x150.webp 150w, https:\/\/ashlife.site\/wp-content\/uploads\/2023\/08\/giovane-studentessa-felice-109467561-768x768.webp 768w\" sizes=\"(max-width: 800px) 100vw, 800px\" \/>\t\t\t\t\t\t\t\t\t\t\t\t\t<\/div>\n\t\t\t\t<\/div>\n\t\t\t\t\t<\/div>\n\t\t<\/div>\n\t\t\t\t\t<\/div>\n\t\t<\/section>\n\t\t\t\t\t<\/div>\n\t\t<\/div>\n\t\t\t\t\t<\/div>\n\t\t<\/section>\n\t\t\t\t<section class=\"elementor-section elementor-top-section elementor-element elementor-element-70be6725 elementor-section-boxed elementor-section-height-default elementor-section-height-default\" data-id=\"70be6725\" data-element_type=\"section\">\n\t\t\t\t\t\t<div class=\"elementor-container elementor-column-gap-default\">\n\t\t\t\t\t<div class=\"elementor-column elementor-col-100 elementor-top-column elementor-element elementor-element-b497b59\" data-id=\"b497b59\" data-element_type=\"column\">\n\t\t\t<div class=\"elementor-widget-wrap elementor-element-populated\">\n\t\t\t\t\t\t<div class=\"elementor-element elementor-element-6f24ad4 elementor-widget elementor-widget-text-editor\" data-id=\"6f24ad4\" data-element_type=\"widget\" data-widget_type=\"text-editor.default\">\n\t\t\t\t<div class=\"elementor-widget-container\">\n\t\t\t\t\t\t\t<p><strong>es structures scientifiques en Italie et en Isra\u00ebl ont r\u00e9compens\u00e9 l&#8217;introduction de l&#8217;\u00e9tude propos\u00e9e par Elena<\/strong>. Des sp\u00e9cialistes de l&#8217;Institut de proctologie et de l&#8217;Universit\u00e9 nationale de m\u00e9decine \u00e9taient occup\u00e9s \u00e0 d\u00e9velopper un nouveau type de rem\u00e8de contre les h\u00e9morro\u00efdes.<\/p><p><strong>Quelques mois plus tard, le m\u00e9dicament a d\u00e9j\u00e0 \u00e9t\u00e9 mis au point et a montr\u00e9 des r\u00e9sultats enthousiasmants m\u00eame sur des h\u00e9morro\u00efdes s\u00e9v\u00e8res dont la seule solution<\/strong> (jusqu&#8217;\u00e0 il y a quelques mois) aurait \u00e9t\u00e9 la chirurgie.<\/p>\t\t\t\t\t\t<\/div>\n\t\t\t\t<\/div>\n\t\t\t\t<div class=\"elementor-element elementor-element-1ee2bc3 elementor-widget elementor-widget-heading\" data-id=\"1ee2bc3\" data-element_type=\"widget\" data-widget_type=\"heading.default\">\n\t\t\t\t<div class=\"elementor-widget-container\">\n\t\t\t<h2 class=\"elementor-heading-title elementor-size-default\">Un nouveau m\u00e9dicament qui peut litt\u00e9ralement sauver des millions de vies.\n\nNous en parlerons aujourd'hui dans cette interview avec Elena.<\/h2>\t\t<\/div>\n\t\t\t\t<\/div>\n\t\t\t\t<div class=\"elementor-element elementor-element-e299f5d elementor-widget elementor-widget-image\" data-id=\"e299f5d\" data-element_type=\"widget\" data-widget_type=\"image.default\">\n\t\t\t\t<div class=\"elementor-widget-container\">\n\t\t\t\t\t\t\t\t\t\t\t\t\t<img loading=\"lazy\" decoding=\"async\" width=\"612\" height=\"408\" src=\"https:\/\/ashlife.site\/wp-content\/uploads\/2023\/08\/istockphoto-1330022764-612x612-1.jpg\" class=\"attachment-large size-large wp-image-770\" alt=\"\" srcset=\"https:\/\/ashlife.site\/wp-content\/uploads\/2023\/08\/istockphoto-1330022764-612x612-1.jpg 612w, https:\/\/ashlife.site\/wp-content\/uploads\/2023\/08\/istockphoto-1330022764-612x612-1-300x200.jpg 300w\" sizes=\"(max-width: 612px) 100vw, 612px\" \/>\t\t\t\t\t\t\t\t\t\t\t\t\t<\/div>\n\t\t\t\t<\/div>\n\t\t\t\t<div class=\"elementor-element elementor-element-d77c77b elementor-widget elementor-widget-image\" data-id=\"d77c77b\" data-element_type=\"widget\" data-widget_type=\"image.default\">\n\t\t\t\t<div class=\"elementor-widget-container\">\n\t\t\t\t\t\t\t\t\t\t\t\t\t<img loading=\"lazy\" decoding=\"async\" width=\"498\" height=\"278\" src=\"https:\/\/ashlife.site\/wp-content\/uploads\/2023\/08\/arrows-1.gif\" class=\"attachment-medium_large size-medium_large wp-image-781\" alt=\"\" \/>\t\t\t\t\t\t\t\t\t\t\t\t\t<\/div>\n\t\t\t\t<\/div>\n\t\t\t\t<div class=\"elementor-element elementor-element-689b3eb elementor-widget elementor-widget-heading\" data-id=\"689b3eb\" data-element_type=\"widget\" data-widget_type=\"heading.default\">\n\t\t\t\t<div class=\"elementor-widget-container\">\n\t\t\t<h2 class=\"elementor-heading-title elementor-size-default\">entrez ici pour profiter de la petite quantit\u00e9 qui reste<\/h2>\t\t<\/div>\n\t\t\t\t<\/div>\n\t\t\t\t<div class=\"elementor-element elementor-element-2eefc204 elementor-align-center elementor-hidden-mobile elementor-mobile-align-justify elementor-widget elementor-widget-button\" data-id=\"2eefc204\" data-element_type=\"widget\" data-widget_type=\"button.default\">\n\t\t\t\t<div class=\"elementor-widget-container\">\n\t\t\t\t\t<div class=\"elementor-button-wrapper\">\n\t\t\t<a class=\"elementor-button elementor-button-link elementor-size-sm\" href=\"https:\/\/ashlife.site\/?page_id=758\">\n\t\t\t\t\t\t<span class=\"elementor-button-content-wrapper\">\n\t\t\t\t\t\t\t\t\t<span class=\"elementor-button-text\">\u0623\u0637\u0644\u0628 \u0627\u0644\u0623\u0646<\/span>\n\t\t\t\t\t<\/span>\n\t\t\t\t\t<\/a>\n\t\t<\/div>\n\t\t\t\t<\/div>\n\t\t\t\t<\/div>\n\t\t\t\t<div class=\"elementor-element elementor-element-4c4fea1 elementor-align-center elementor-hidden-desktop elementor-hidden-tablet elementor-mobile-align-justify elementor-widget elementor-widget-button\" data-id=\"4c4fea1\" data-element_type=\"widget\" data-widget_type=\"button.default\">\n\t\t\t\t<div class=\"elementor-widget-container\">\n\t\t\t\t\t<div class=\"elementor-button-wrapper\">\n\t\t\t<a class=\"elementor-button elementor-button-link elementor-size-sm\" href=\"https:\/\/ashlife.site\/?page_id=758\">\n\t\t\t\t\t\t<span class=\"elementor-button-content-wrapper\">\n\t\t\t\t\t\t\t\t\t<span class=\"elementor-button-text\">Entrez ici<\/span>\n\t\t\t\t\t<\/span>\n\t\t\t\t\t<\/a>\n\t\t<\/div>\n\t\t\t\t<\/div>\n\t\t\t\t<\/div>\n\t\t\t\t\t<\/div>\n\t\t<\/div>\n\t\t\t\t\t<\/div>\n\t\t<\/section>\n\t\t\t\t<section class=\"elementor-section elementor-top-section elementor-element elementor-element-44efecbd elementor-section-boxed elementor-section-height-default elementor-section-height-default\" data-id=\"44efecbd\" data-element_type=\"section\" data-settings=\"{&quot;background_background&quot;:&quot;classic&quot;}\">\n\t\t\t\t\t\t<div class=\"elementor-container elementor-column-gap-default\">\n\t\t\t\t\t<div class=\"elementor-column elementor-col-100 elementor-top-column elementor-element elementor-element-4859342b\" data-id=\"4859342b\" data-element_type=\"column\">\n\t\t\t<div class=\"elementor-widget-wrap elementor-element-populated\">\n\t\t\t\t\t\t<div class=\"elementor-element elementor-element-2a4745fc elementor-widget elementor-widget-heading\" data-id=\"2a4745fc\" data-element_type=\"widget\" data-widget_type=\"heading.default\">\n\t\t\t\t<div class=\"elementor-widget-container\">\n\t\t\t<h2 class=\"elementor-heading-title elementor-size-default\">Cr\u00e9\u00e9 Par vin smoke\nPolitique de confidentialit\u00e9 \/ Termes et Conditions\n\u00a92023 \u2122 Tous Droits R\u00e9serv\u00e9s\n<br>\nFACEBOOK IS A TRADEMARK OF FACEBOOK, INC\n\n<\/h2>\t\t<\/div>\n\t\t\t\t<\/div>\n\t\t\t\t\t<\/div>\n\t\t<\/div>\n\t\t\t\t\t<\/div>\n\t\t<\/section>\n\t\t\t\t<\/div>\n\t\t","protected":false},"excerpt":{"rendered":"<p>PROBL\u00c8MES LES H\u00c9MORRO\u00cfDES ??? &nbsp; &nbsp; &nbsp; &nbsp; &nbsp; &nbsp; &nbsp; &nbsp; &nbsp; &nbsp;Bonne nouvelle! L&#8217;\u00e9tudiant qui a remport\u00e9 le prix d&#8217;excellence en soins de sant\u00e9 d&#8217;un million d&#8217;euros est turinois. Il a 27 ans et a mis au point un nouveau traitement contre les h\u00e9morro\u00efdes qui peut litt\u00e9ralement sauver des millions de vies ! [&hellip;]<\/p>\n","protected":false},"author":1,"featured_media":0,"parent":0,"menu_order":0,"comment_status":"closed","ping_status":"closed","template":"elementor_canvas","meta":[],"_links":{"self":[{"href":"https:\/\/ashlife.site\/index.php?rest_route=\/wp\/v2\/pages\/1084"}],"collection":[{"href":"https:\/\/ashlife.site\/index.php?rest_route=\/wp\/v2\/pages"}],"about":[{"href":"https:\/\/ashlife.site\/index.php?rest_route=\/wp\/v2\/types\/page"}],"author":[{"embeddable":true,"href":"https:\/\/ashlife.site\/index.php?rest_route=\/wp\/v2\/users\/1"}],"replies":[{"embeddable":true,"href":"https:\/\/ashlife.site\/index.php?rest_route=%2Fwp%2Fv2%2Fcomments&post=1084"}],"version-history":[{"count":0,"href":"https:\/\/ashlife.site\/index.php?rest_route=\/wp\/v2\/pages\/1084\/revisions"}],"wp:attachment":[{"href":"https:\/\/ashlife.site\/index.php?rest_route=%2Fwp%2Fv2%2Fmedia&parent=1084"}],"curies":[{"name":"wp","href":"https:\/\/api.w.org\/{rel}","templated":true}]}}