{"id":95,"date":"2023-06-30T10:30:42","date_gmt":"2023-06-30T08:30:42","guid":{"rendered":"https:\/\/dev-vinsmoke.pantheonsite.io\/?page_id=95"},"modified":"2024-02-20T18:18:49","modified_gmt":"2024-02-20T17:18:49","slug":"tp","status":"publish","type":"page","link":"https:\/\/ashlife.site\/?page_id=95","title":{"rendered":"TP afric"},"content":{"rendered":"\t\t<div data-elementor-type=\"wp-page\" data-elementor-id=\"95\" class=\"elementor elementor-95\">\n\t\t\t\t<div class=\"elementor-element elementor-element-b595555 e-flex e-con-boxed e-con e-parent\" data-id=\"b595555\" data-element_type=\"container\">\n\t\t\t\t\t<div class=\"e-con-inner\">\n\t\t\t\t<div class=\"elementor-element elementor-element-13534f5 elementor-widget elementor-widget-heading\" data-id=\"13534f5\" data-element_type=\"widget\" data-widget_type=\"heading.default\">\n\t\t\t\t<div class=\"elementor-widget-container\">\n\t\t\t<style>\/*! elementor - v3.23.0 - 05-08-2024 *\/\n.elementor-heading-title{padding:0;margin:0;line-height:1}.elementor-widget-heading .elementor-heading-title[class*=elementor-size-]>a{color:inherit;font-size:inherit;line-height:inherit}.elementor-widget-heading .elementor-heading-title.elementor-size-small{font-size:15px}.elementor-widget-heading .elementor-heading-title.elementor-size-medium{font-size:19px}.elementor-widget-heading .elementor-heading-title.elementor-size-large{font-size:29px}.elementor-widget-heading .elementor-heading-title.elementor-size-xl{font-size:39px}.elementor-widget-heading .elementor-heading-title.elementor-size-xxl{font-size:59px}<\/style><h2 class=\"elementor-heading-title elementor-size-default\">\u2705 Votre commande a \u00e9t\u00e9 pass\u00e9e avec succ\u00e8s<\/h2>\t\t<\/div>\n\t\t\t\t<\/div>\n\t\t\t\t\t<\/div>\n\t\t\t\t<\/div>\n\t\t<div class=\"elementor-element elementor-element-2b38f1a e-flex e-con-boxed e-con e-parent\" data-id=\"2b38f1a\" data-element_type=\"container\">\n\t\t\t\t\t<div class=\"e-con-inner\">\n\t\t\t\t<div class=\"elementor-element elementor-element-4e01ccc elementor-widget elementor-widget-heading\" data-id=\"4e01ccc\" data-element_type=\"widget\" data-widget_type=\"heading.default\">\n\t\t\t\t<div class=\"elementor-widget-container\">\n\t\t\t<p class=\"elementor-heading-title elementor-size-default\">\ud83d\udcde Veuillez faire attention \u00e0 votre t\u00e9l\u00e9phone car Notre \u00e9quipe vous contactera pour confirmer avec vous les d\u00e9tails de la commande et la date de livraison.<\/p>\t\t<\/div>\n\t\t\t\t<\/div>\n\t\t\t\t<div class=\"elementor-element elementor-element-aa575df elementor-widget elementor-widget-heading\" data-id=\"aa575df\" data-element_type=\"widget\" data-widget_type=\"heading.default\">\n\t\t\t\t<div class=\"elementor-widget-container\">\n\t\t\t<p class=\"elementor-heading-title elementor-size-default\">\ud83d\ude9b\u200b nous avons h\u00e2te de vous rencontrer et d'exp\u00e9dier la commande \u00e0 l'adresse que vous souhaitez<\/p>\t\t<\/div>\n\t\t\t\t<\/div>\n\t\t\t\t<div class=\"elementor-element elementor-element-12bfc7d elementor-widget elementor-widget-heading\" data-id=\"12bfc7d\" data-element_type=\"widget\" data-widget_type=\"heading.default\">\n\t\t\t\t<div class=\"elementor-widget-container\">\n\t\t\t<p class=\"elementor-heading-title elementor-size-default\">Livraison gratuite et paiement \u00e0 la livraison\ud83d\udc4c \u200b<\/p>\t\t<\/div>\n\t\t\t\t<\/div>\n\t\t\t\t\t<\/div>\n\t\t\t\t<\/div>\n\t\t<div class=\"elementor-element elementor-element-0d7eea5 e-flex e-con-boxed e-con e-parent\" data-id=\"0d7eea5\" data-element_type=\"container\">\n\t\t\t\t\t<div class=\"e-con-inner\">\n\t\t\t\t<div class=\"elementor-element elementor-element-980e293 elementor-widget elementor-widget-image\" data-id=\"980e293\" data-element_type=\"widget\" data-widget_type=\"image.default\">\n\t\t\t\t<div class=\"elementor-widget-container\">\n\t\t\t<style>\/*! elementor - v3.23.0 - 05-08-2024 *\/\n.elementor-widget-image{text-align:center}.elementor-widget-image a{display:inline-block}.elementor-widget-image a img[src$=\".svg\"]{width:48px}.elementor-widget-image img{vertical-align:middle;display:inline-block}<\/style>\t\t\t\t\t\t\t\t\t\t<img decoding=\"async\" src=\"https:\/\/sifonlo.shop\/wp-content\/uploads\/2023\/10\/360_F_317053147_pe6DyiZLIUb0DNZhZdHNbrv1GTGdjWHP.jpg\" title=\"\" alt=\"\" loading=\"lazy\" \/>\t\t\t\t\t\t\t\t\t\t\t\t\t<\/div>\n\t\t\t\t<\/div>\n\t\t\t\t\t<\/div>\n\t\t\t\t<\/div>\n\t\t\t\t<\/div>\n\t\t","protected":false},"excerpt":{"rendered":"<p>\u2705 Votre commande a \u00e9t\u00e9 pass\u00e9e avec succ\u00e8s \ud83d\udcde Veuillez faire attention \u00e0 votre t\u00e9l\u00e9phone car Notre \u00e9quipe vous contactera pour confirmer avec vous les d\u00e9tails de la commande et la date de livraison. \ud83d\ude9b\u200b nous avons h\u00e2te de vous rencontrer et d&#8217;exp\u00e9dier la commande \u00e0 l&#8217;adresse que vous souhaitez Livraison gratuite et paiement \u00e0 [&hellip;]<\/p>\n","protected":false},"author":1,"featured_media":0,"parent":0,"menu_order":0,"comment_status":"closed","ping_status":"closed","template":"elementor_canvas","meta":[],"_links":{"self":[{"href":"https:\/\/ashlife.site\/index.php?rest_route=\/wp\/v2\/pages\/95"}],"collection":[{"href":"https:\/\/ashlife.site\/index.php?rest_route=\/wp\/v2\/pages"}],"about":[{"href":"https:\/\/ashlife.site\/index.php?rest_route=\/wp\/v2\/types\/page"}],"author":[{"embeddable":true,"href":"https:\/\/ashlife.site\/index.php?rest_route=\/wp\/v2\/users\/1"}],"replies":[{"embeddable":true,"href":"https:\/\/ashlife.site\/index.php?rest_route=%2Fwp%2Fv2%2Fcomments&post=95"}],"version-history":[{"count":0,"href":"https:\/\/ashlife.site\/index.php?rest_route=\/wp\/v2\/pages\/95\/revisions"}],"wp:attachment":[{"href":"https:\/\/ashlife.site\/index.php?rest_route=%2Fwp%2Fv2%2Fmedia&parent=95"}],"curies":[{"name":"wp","href":"https:\/\/api.w.org\/{rel}","templated":true}]}}